{"id":71,"date":"2015-11-11T09:36:42","date_gmt":"2015-11-11T08:36:42","guid":{"rendered":"http:\/\/localhost\/hr_hofgut\/?page_id=71"},"modified":"2025-08-09T15:58:14","modified_gmt":"2025-08-09T15:58:14","slug":"oeffnungszeiten","status":"publish","type":"page","link":"https:\/\/hofguthomboll.de\/?page_id=71","title":{"rendered":"\u00d6ffnungszeiten"},"content":{"rendered":"<h2><strong>letzte Betriebszeit der Besenwirtschaft war:<\/strong><\/h2>\n<h4 style=\"text-align: center;\"><strong>14. September bis 3. November 2024<\/strong><\/h4>\n<p>Liebe G\u00e4ste,<\/p>\n<p>nach 33 Jahren hat das Besenst\u00fcble seine T\u00fcren f\u00fcr immer geschlossen. Wir bedanken uns bei all unseren treuen G\u00e4sten!<\/p>\n<p>Eure Familie Buhl und das ganze Besenteam<\/p>\n","protected":false},"excerpt":{"rendered":"<p>letzte Betriebszeit der Besenwirtschaft war: 14. September bis 3. November 2024 Liebe G\u00e4ste, nach 33 Jahren hat das Besenst\u00fcble seine T\u00fcren f\u00fcr immer geschlossen. Wir bedanken uns bei all unseren treuen G\u00e4sten! Eure Familie Buhl und das ganze Besenteam<\/p>\n","protected":false},"author":1,"featured_media":295,"parent":61,"menu_order":10,"comment_status":"closed","ping_status":"closed","template":"","meta":{"footnotes":""},"class_list":["post-71","page","type-page","status-publish","has-post-thumbnail","hentry"],"_links":{"self":[{"href":"https:\/\/hofguthomboll.de\/index.php?rest_route=\/wp\/v2\/pages\/71","targetHints":{"allow":["GET"]}}],"collection":[{"href":"https:\/\/hofguthomboll.de\/index.php?rest_route=\/wp\/v2\/pages"}],"about":[{"href":"https:\/\/hofguthomboll.de\/index.php?rest_route=\/wp\/v2\/types\/page"}],"author":[{"embeddable":true,"href":"https:\/\/hofguthomboll.de\/index.php?rest_route=\/wp\/v2\/users\/1"}],"replies":[{"embeddable":true,"href":"https:\/\/hofguthomboll.de\/index.php?rest_route=%2Fwp%2Fv2%2Fcomments&post=71"}],"version-history":[{"count":34,"href":"https:\/\/hofguthomboll.de\/index.php?rest_route=\/wp\/v2\/pages\/71\/revisions"}],"predecessor-version":[{"id":845,"href":"https:\/\/hofguthomboll.de\/index.php?rest_route=\/wp\/v2\/pages\/71\/revisions\/845"}],"up":[{"embeddable":true,"href":"https:\/\/hofguthomboll.de\/index.php?rest_route=\/wp\/v2\/pages\/61"}],"wp:featuredmedia":[{"embeddable":true,"href":"https:\/\/hofguthomboll.de\/index.php?rest_route=\/wp\/v2\/media\/295"}],"wp:attachment":[{"href":"https:\/\/hofguthomboll.de\/index.php?rest_route=%2Fwp%2Fv2%2Fmedia&parent=71"}],"curies":[{"name":"wp","href":"https:\/\/api.w.org\/{rel}","templated":true}]}}