{"id":67,"date":"2015-11-11T09:28:12","date_gmt":"2015-11-11T09:28:12","guid":{"rendered":"http:\/\/localhost\/hr_hofgut\/?page_id=67"},"modified":"2025-08-09T16:12:31","modified_gmt":"2025-08-09T16:12:31","slug":"anfahrt","status":"publish","type":"page","link":"https:\/\/hofguthomboll.de\/?page_id=67","title":{"rendered":"Anfahrt"},"content":{"rendered":"<h2>So finden Sie uns<\/h2>\n<p>Autobahn A81, Ausfahrt 42: Hilzingen, von dort \u00fcber Duchtlingen nach Weiterdingen.<br \/>\nGenaue Stra\u00dfenbezeichnung ist Hofgut Homboll 1 (nicht Hombollstra\u00dfe).<br \/>\nWir sind 2 km au\u00dferhalb des Ortes.<\/p>\n<p><iframe loading=\"lazy\" style=\"border: 0;\" src=\"https:\/\/www.google.com\/maps\/embed?pb=!1m18!1m12!1m3!1d4286.599240991054!2d8.756977361138672!3d47.783745185147545!2m3!1f0!2f0!3f0!3m2!1i1024!2i768!4f13.1!3m3!1m2!1s0x479a7e7e5cef0057%3A0x54f24f15a1944223!2sHofgut+Homboll!5e1!3m2!1sde!2sde!4v1447272831404\" width=\"600\" height=\"450\" frameborder=\"0\" allowfullscreen=\"allowfullscreen\"><\/iframe><\/p>\n","protected":false},"excerpt":{"rendered":"<p>So finden Sie uns Autobahn A81, Ausfahrt 42: Hilzingen, von dort \u00fcber Duchtlingen nach Weiterdingen. Genaue Stra\u00dfenbezeichnung ist Hofgut Homboll 1 (nicht Hombollstra\u00dfe). Wir sind 2 km au\u00dferhalb des Ortes.<\/p>\n","protected":false},"author":1,"featured_media":0,"parent":65,"menu_order":90,"comment_status":"closed","ping_status":"closed","template":"","meta":{"footnotes":""},"class_list":["post-67","page","type-page","status-publish","hentry"],"_links":{"self":[{"href":"https:\/\/hofguthomboll.de\/index.php?rest_route=\/wp\/v2\/pages\/67","targetHints":{"allow":["GET"]}}],"collection":[{"href":"https:\/\/hofguthomboll.de\/index.php?rest_route=\/wp\/v2\/pages"}],"about":[{"href":"https:\/\/hofguthomboll.de\/index.php?rest_route=\/wp\/v2\/types\/page"}],"author":[{"embeddable":true,"href":"https:\/\/hofguthomboll.de\/index.php?rest_route=\/wp\/v2\/users\/1"}],"replies":[{"embeddable":true,"href":"https:\/\/hofguthomboll.de\/index.php?rest_route=%2Fwp%2Fv2%2Fcomments&post=67"}],"version-history":[{"count":2,"href":"https:\/\/hofguthomboll.de\/index.php?rest_route=\/wp\/v2\/pages\/67\/revisions"}],"predecessor-version":[{"id":851,"href":"https:\/\/hofguthomboll.de\/index.php?rest_route=\/wp\/v2\/pages\/67\/revisions\/851"}],"up":[{"embeddable":true,"href":"https:\/\/hofguthomboll.de\/index.php?rest_route=\/wp\/v2\/pages\/65"}],"wp:attachment":[{"href":"https:\/\/hofguthomboll.de\/index.php?rest_route=%2Fwp%2Fv2%2Fmedia&parent=67"}],"curies":[{"name":"wp","href":"https:\/\/api.w.org\/{rel}","templated":true}]}}