{"id":65,"date":"2015-11-11T09:27:59","date_gmt":"2015-11-11T08:27:59","guid":{"rendered":"http:\/\/localhost\/hr_hofgut\/?page_id=65"},"modified":"2025-08-09T16:11:22","modified_gmt":"2025-08-09T16:11:22","slug":"kontakt","status":"publish","type":"page","link":"https:\/\/hofguthomboll.de\/?page_id=65","title":{"rendered":"Kontakt \/ Impressum"},"content":{"rendered":"<h2>Kontakt \/ Impressum<\/h2>\n<p>Doris und Hans-Peter Buhl<br \/>\nHofgut Homboll<br \/>\n78247 Hilzingen- Weiterdingen<\/p>\n<p>Tel: 07739 236<br \/>\nFax: 07739 1485<br \/>\nE-Mail: po&#115;&#116;&#64;&#104;ofg&#117;&#116;&#104;o&#109;&#98;&#111;&#108;l&#46;&#100;&#101;<\/p>\n<h2>Disclaimer \u2013 rechtliche Hinweise<\/h2>\n<p><strong>Haftungsbeschr\u00e4nkung<\/strong><br \/>\nDie Inhalte dieser Website werden mit gr\u00f6\u00dftm\u00f6glicher Sorgfalt erstellt. Der<br \/>\nAnbieter \u00fcbernimmt jedoch keine Gew\u00e4hr f\u00fcr die Richtigkeit, Vollst\u00e4ndigkeit<br \/>\nund Aktualit\u00e4t der bereitgestellten Inhalte.<\/p>\n<p><strong>Urheber- und Leistungsschutzrechte<\/strong><br \/>\nDie auf dieser Website ver\u00f6ffentlichten Inhalte unterliegen dem deutschen<br \/>\nUrheber- und Leistungsschutzrecht. Jede vom deutschen Urheber- und<br \/>\nLeistungsschutzrecht nicht zugelassene Verwertung bedarf der vorherigen<br \/>\nschriftlichen Zustimmung des Anbieters oder jeweiligen Rechteinhabers. Dies<br \/>\ngilt insbesondere f\u00fcr Vervielf\u00e4ltigung, Bearbeitung, \u00dcbersetzung,<br \/>\nEinspeicherung, Verarbeitung bzw. Wiedergabe von Inhalten in Datenbanken<br \/>\noder anderen elektronischen Medien und Systemen.\u00a0Die unerlaubte Vervielf\u00e4ltigung oder<br \/>\nWeitergabe einzelner Inhalte oder kompletter Seiten ist nicht gestattet und<br \/>\nstrafbar. Lediglich die Herstellung von Kopien und Downloads f\u00fcr den<br \/>\npers\u00f6nlichen, privaten und nicht kommerziellen Gebrauch ist erlaubt.<\/p>\n<p>Die Darstellung dieser Website in fremden Frames ist nur mit schriftlicher<br \/>\nErlaubnis zul\u00e4ssig.<\/p>\n<p><strong>Besondere Nutzungsbedingungen<\/strong><br \/>\nSoweit besondere Bedingungen f\u00fcr einzelne Nutzungen dieser Website von den<br \/>\nvorgenannten Paragraphen abweichen, wird an entsprechender Stelle<br \/>\nausdr\u00fccklich darauf hingewiesen. In diesem Falle gelten im jeweiligen<br \/>\nEinzelfall die besonderen Nutzungsbedingungen.<\/p>\n<h2>Datenschutzerkl\u00e4rung:<\/h2>\n<p><strong>Datenschutz<\/strong><br \/>\nWir beachten das f\u00fcr Deutschland geltende Datenschutzrecht.<\/p>\n<p>Die Verwendung der Kontaktdaten unseres Impressums zur gewerblichen Werbung ist ausdr\u00fccklich nicht erw\u00fcnscht, es sei denn wir hatten zuvor unsere schriftliche Einwilligung erteilt oder es besteht bereits eine Gesch\u00e4ftsbeziehung. Der Anbieter und alle auf dieser Website genannten Personen widersprechen hiermit jeder kommerziellen Verwendung und Weitergabe ihrer Daten.<\/p>\n","protected":false},"excerpt":{"rendered":"<p>Kontakt \/ Impressum Doris und Hans-Peter Buhl Hofgut Homboll 78247 Hilzingen- Weiterdingen Tel: 07739 236 Fax: 07739 1485 E-Mail: &#112;&#111;s&#116;&#64;&#104;&#111;fg&#117;&#116;&#104;&#111;mb&#111;l&#108;&#46;d&#101; Disclaimer \u2013 rechtliche Hinweise Haftungsbeschr\u00e4nkung Die Inhalte dieser Website werden mit gr\u00f6\u00dftm\u00f6glicher Sorgfalt erstellt. Der Anbieter \u00fcbernimmt jedoch keine Gew\u00e4hr f\u00fcr die Richtigkeit, Vollst\u00e4ndigkeit und Aktualit\u00e4t der bereitgestellten Inhalte. Urheber- und Leistungsschutzrechte Die auf dieser &hellip; <a href=\"https:\/\/hofguthomboll.de\/?page_id=65\" class=\"more-link\"><span class=\"screen-reader-text\">Kontakt \/ Impressum<\/span> weiterlesen <span class=\"meta-nav\">&rarr;<\/span><\/a><\/p>\n","protected":false},"author":1,"featured_media":0,"parent":0,"menu_order":80,"comment_status":"closed","ping_status":"closed","template":"","meta":{"footnotes":""},"class_list":["post-65","page","type-page","status-publish","hentry"],"_links":{"self":[{"href":"https:\/\/hofguthomboll.de\/index.php?rest_route=\/wp\/v2\/pages\/65","targetHints":{"allow":["GET"]}}],"collection":[{"href":"https:\/\/hofguthomboll.de\/index.php?rest_route=\/wp\/v2\/pages"}],"about":[{"href":"https:\/\/hofguthomboll.de\/index.php?rest_route=\/wp\/v2\/types\/page"}],"author":[{"embeddable":true,"href":"https:\/\/hofguthomboll.de\/index.php?rest_route=\/wp\/v2\/users\/1"}],"replies":[{"embeddable":true,"href":"https:\/\/hofguthomboll.de\/index.php?rest_route=%2Fwp%2Fv2%2Fcomments&post=65"}],"version-history":[{"count":4,"href":"https:\/\/hofguthomboll.de\/index.php?rest_route=\/wp\/v2\/pages\/65\/revisions"}],"predecessor-version":[{"id":850,"href":"https:\/\/hofguthomboll.de\/index.php?rest_route=\/wp\/v2\/pages\/65\/revisions\/850"}],"wp:attachment":[{"href":"https:\/\/hofguthomboll.de\/index.php?rest_route=%2Fwp%2Fv2%2Fmedia&parent=65"}],"curies":[{"name":"wp","href":"https:\/\/api.w.org\/{rel}","templated":true}]}}