{"id":6,"date":"2015-11-11T09:10:31","date_gmt":"2015-11-11T08:10:31","guid":{"rendered":"http:\/\/localhost\/hr_hofgut\/?page_id=5"},"modified":"2025-08-09T15:52:41","modified_gmt":"2025-08-09T15:52:41","slug":"home","status":"publish","type":"page","link":"https:\/\/hofguthomboll.de\/","title":{"rendered":"Willkommen"},"content":{"rendered":"<p>\u00a0<\/p>\n<h2>Das Hofgut Homboll<\/h2>\n<p>Willkommen bei uns auf dem Homboll. Das Hofgut Homboll ist ein alter Gutshof, welcher fr\u00fcher im Besitz eines Adelsgeschlecht war. 1919 erwab Johann Schwarz den Betrieb und heute ist das unser Arbeitsparadies. In f\u00fcnfter Genaration betreiben wir die Landwirtschaft mit Ackerbau, Gr\u00fcnland und Gem\u00fcsebau.<span class=\"Apple-converted-space\"><br \/><\/span><\/p>\n<h2><em>Familie Buhl<\/em><\/h2>\n\n\n<p><\/p>\n","protected":false},"excerpt":{"rendered":"<p>\u00a0 Das Hofgut Homboll Willkommen bei uns auf dem Homboll. Das Hofgut Homboll ist ein alter Gutshof, welcher fr\u00fcher im Besitz eines Adelsgeschlecht war. 1919 erwab Johann Schwarz den Betrieb und heute ist das unser Arbeitsparadies. In f\u00fcnfter Genaration betreiben wir die Landwirtschaft mit Ackerbau, Gr\u00fcnland und Gem\u00fcsebau. Familie Buhl<\/p>\n","protected":false},"author":1,"featured_media":397,"parent":0,"menu_order":10,"comment_status":"closed","ping_status":"closed","template":"","meta":{"footnotes":""},"class_list":["post-6","page","type-page","status-publish","has-post-thumbnail","hentry"],"_links":{"self":[{"href":"https:\/\/hofguthomboll.de\/index.php?rest_route=\/wp\/v2\/pages\/6","targetHints":{"allow":["GET"]}}],"collection":[{"href":"https:\/\/hofguthomboll.de\/index.php?rest_route=\/wp\/v2\/pages"}],"about":[{"href":"https:\/\/hofguthomboll.de\/index.php?rest_route=\/wp\/v2\/types\/page"}],"author":[{"embeddable":true,"href":"https:\/\/hofguthomboll.de\/index.php?rest_route=\/wp\/v2\/users\/1"}],"replies":[{"embeddable":true,"href":"https:\/\/hofguthomboll.de\/index.php?rest_route=%2Fwp%2Fv2%2Fcomments&post=6"}],"version-history":[{"count":11,"href":"https:\/\/hofguthomboll.de\/index.php?rest_route=\/wp\/v2\/pages\/6\/revisions"}],"predecessor-version":[{"id":854,"href":"https:\/\/hofguthomboll.de\/index.php?rest_route=\/wp\/v2\/pages\/6\/revisions\/854"}],"wp:featuredmedia":[{"embeddable":true,"href":"https:\/\/hofguthomboll.de\/index.php?rest_route=\/wp\/v2\/media\/397"}],"wp:attachment":[{"href":"https:\/\/hofguthomboll.de\/index.php?rest_route=%2Fwp%2Fv2%2Fmedia&parent=6"}],"curies":[{"name":"wp","href":"https:\/\/api.w.org\/{rel}","templated":true}]}}